{"id":1705,"date":"2018-05-05T13:59:06","date_gmt":"2018-05-05T13:59:06","guid":{"rendered":"http:\/\/www.serbiacricket.com?page_id=1705"},"modified":"2018-05-05T14:47:21","modified_gmt":"2018-05-05T14:47:21","slug":"kontakt","status":"publish","type":"page","link":"https:\/\/www.serbiacricket.com\/en\/kontakt\/","title":{"rendered":"Contact"},"content":{"rendered":"<p>[vc_row][vc_column width=&#8221;1\/3&#8243;][vc_column_text]<strong>Kriket federacija Srbije<\/strong><br \/>\nDositejeva 1A, 11000 Beograd<br \/>\ntel\/faks 011\/2626780<br \/>\n069\/3136313<br \/>\n<span id=\"cloak2530faec75f0cc5efa778534a4c775fc\"><a href=\"mailto:office@serbiacricket.com\">office@serbiacricket.com<\/a><\/span><br \/>\n<span id=\"cloak3a8b3269d837cf86a26c23036bc568db\"><a href=\"mailto:brassails@gmail.com\">brassails@gmail.com<\/a><\/span>[\/vc_column_text][\/vc_column][vc_column width=&#8221;1\/3&#8243;][vc_column_text]<strong>Kriket savez Beograda<\/strong><br \/>\nDobra\u010dina 46, 11000 Beograd<br \/>\n011\/2627-961<br \/>\n062\/213-324<br \/>\n<span id=\"cloak70e40d329654d5f1efca7c9f2a9e42e8\"><a href=\"mailto:office@serbiacricket.com\">office@serbiacricket.com<\/a><\/span><br \/>\n<span id=\"cloak6f0b4cd6ab19b03f8992422c23eec073\"><a href=\"mailto:vladamcc@gmail.com\">vladamcc@gmail.com<\/a><\/span>[\/vc_column_text][\/vc_column][vc_column width=&#8221;1\/3&#8243;][vc_column_text]<strong>Kriket klub Mirijevo<\/strong><br \/>\nMilivoja Perovi\u0107a 8, 11060 Beograd<br \/>\n011\/7424-960<br \/>\n062\/213-324<br \/>\n<span id=\"cloak90d1c79b11bb171ca8bafdfc158eced2\"><a href=\"mailto:vladamcc@gmail.com\">vladamcc@gmail.com<\/a><\/span>[\/vc_column_text][\/vc_column][\/vc_row][vc_row][vc_column width=&#8221;1\/3&#8243;][vc_column_text]<strong>Kriket klub Stari Grad<\/strong><br \/>\nDositejeva 1a, 11000 Beograd<br \/>\n011\/2626-780<br \/>\n060\/6603320<br \/>\n<span id=\"cloakee1176c7f292f931125ddf4bda3a2d36\"><a href=\"mailto:shonezi@yahoo.com\">shonezi@yahoo.com<\/a><\/span>[\/vc_column_text][\/vc_column][vc_column width=&#8221;1\/3&#8243;][vc_column_text]<strong>Kriket klub Kablarski Soko<\/strong><br \/>\nBulevar Oslobo\u0111enja 50, 32000 \u010ca\u010dak<br \/>\n065\/6108031<br \/>\n<span id=\"cloak353dc2e6eafd84d67da29ad70ee9a94a\"><a href=\"mailto:zalnavest@gmail.com\">zalnavest@gmail.com<\/a><\/span>[\/vc_column_text][\/vc_column][vc_column width=&#8221;1\/3&#8243;][vc_column_text]<strong>Kriket klub Perun Delije<\/strong><br \/>\nPerun Delije<\/p>\n<p><strong>Ian Bancroft<\/strong><br \/>\n<span id=\"cloak9f12f94864389e2945879ca5f819b08e\"><a href=\"mailto:ianbancroft@gmail.com\">ianbancroft@gmail.com<\/a><\/span>[\/vc_column_text][\/vc_column][\/vc_row]<\/p>\n","protected":false},"excerpt":{"rendered":"<p>[vc_row][vc_column width=&#8221;1\/3&#8243;][vc_column_text]Kriket federacija Srbije Dositejeva 1A, 11000 Beograd tel\/faks 011\/2626780 069\/3136313 office@serbiacricket.com brassails@gmail.com[\/vc_column_text][\/vc_column][vc_column width=&#8221;1\/3&#8243;][vc_column_text]Kriket savez Beograda Dobra\u010dina 46, 11000 Beograd &hellip; <\/p>\n","protected":false},"author":1,"featured_media":0,"parent":0,"menu_order":0,"comment_status":"closed","ping_status":"closed","template":"","meta":[],"_links":{"self":[{"href":"https:\/\/www.serbiacricket.com\/en\/wp-json\/wp\/v2\/pages\/1705"}],"collection":[{"href":"https:\/\/www.serbiacricket.com\/en\/wp-json\/wp\/v2\/pages"}],"about":[{"href":"https:\/\/www.serbiacricket.com\/en\/wp-json\/wp\/v2\/types\/page"}],"author":[{"embeddable":true,"href":"https:\/\/www.serbiacricket.com\/en\/wp-json\/wp\/v2\/users\/1"}],"replies":[{"embeddable":true,"href":"https:\/\/www.serbiacricket.com\/en\/wp-json\/wp\/v2\/comments?post=1705"}],"version-history":[{"count":1,"href":"https:\/\/www.serbiacricket.com\/en\/wp-json\/wp\/v2\/pages\/1705\/revisions"}],"predecessor-version":[{"id":1706,"href":"https:\/\/www.serbiacricket.com\/en\/wp-json\/wp\/v2\/pages\/1705\/revisions\/1706"}],"wp:attachment":[{"href":"https:\/\/www.serbiacricket.com\/en\/wp-json\/wp\/v2\/media?parent=1705"}],"curies":[{"name":"wp","href":"https:\/\/api.w.org\/{rel}","templated":true}]}}